{"id":60,"date":"2017-10-02T14:27:16","date_gmt":"2017-10-02T12:27:16","guid":{"rendered":"http:\/\/www.doris-schwab.de\/wp_schwab\/?page_id=60"},"modified":"2021-07-19T16:50:28","modified_gmt":"2021-07-19T14:50:28","slug":"referenzen","status":"publish","type":"page","link":"https:\/\/www.doris-schwab.de\/wp_schwab\/referenzen\/","title":{"rendered":"Referenzen \/ Kooperationen"},"content":{"rendered":"<div id='av-layout-grid-1'  class='av-layout-grid-container av-av_layout_row-edf07c93594a85695fda65c20c2393d8 entry-content-wrapper main_color av-flex-cells  avia-builder-el-0  el_before_av_layout_row  avia-builder-el-first   container_wrap sidebar_right'  >\n\n<style type=\"text\/css\" data-created_by=\"avia_inline_auto\" id=\"style-css-av-av_cell_one_third-3bc6a440aaeb978edebbc3cf30199bd4\">\n.flex_cell.av-av_cell_one_third-3bc6a440aaeb978edebbc3cf30199bd4{\nvertical-align:top;\nbackground-color:#edae44;\n}\n.responsive #top #wrap_all .flex_cell.av-av_cell_one_third-3bc6a440aaeb978edebbc3cf30199bd4{\npadding:10px 10px 10px 10px !important;\n}\n<\/style>\n<div class='flex_cell av-av_cell_one_third-3bc6a440aaeb978edebbc3cf30199bd4 av-gridrow-cell av_one_third no_margin  avia-builder-el-1  el_before_av_cell_one_third  avia-builder-el-first  content-align-top'  ><div class='flex_cell_inner'><\/div><\/div>\n<style type=\"text\/css\" data-created_by=\"avia_inline_auto\" id=\"style-css-av-av_cell_one_third-36c172e1b1d55749e57f35afd1deda6e\">\n.flex_cell.av-av_cell_one_third-36c172e1b1d55749e57f35afd1deda6e{\nvertical-align:top;\nbackground-color:#ed9704;\n}\n.responsive #top #wrap_all .flex_cell.av-av_cell_one_third-36c172e1b1d55749e57f35afd1deda6e{\npadding:10px 10px 10px 10px !important;\n}\n<\/style>\n<div class='flex_cell av-av_cell_one_third-36c172e1b1d55749e57f35afd1deda6e av-gridrow-cell av_one_third no_margin  avia-builder-el-2  el_after_av_cell_one_third  el_before_av_cell_one_third  content-align-top'  ><div class='flex_cell_inner'><\/div><\/div>\n<style type=\"text\/css\" data-created_by=\"avia_inline_auto\" id=\"style-css-av-av_cell_one_third-5b6eb1f942d083c1fc63a1494db97361\">\n.flex_cell.av-av_cell_one_third-5b6eb1f942d083c1fc63a1494db97361{\nvertical-align:top;\nbackground-color:#fcc923;\n}\n.responsive #top #wrap_all .flex_cell.av-av_cell_one_third-5b6eb1f942d083c1fc63a1494db97361{\npadding:10px 10px 10px 10px !important;\n}\n<\/style>\n<div class='flex_cell av-av_cell_one_third-5b6eb1f942d083c1fc63a1494db97361 av-gridrow-cell av_one_third no_margin  avia-builder-el-3  el_after_av_cell_one_third  avia-builder-el-last  content-align-top'  ><div class='flex_cell_inner'><\/div><\/div>\n<\/div>\n<div id='av-layout-grid-2'  class='av-layout-grid-container av-av_layout_row-edf07c93594a85695fda65c20c2393d8 entry-content-wrapper main_color av-flex-cells  avia-builder-el-4  el_after_av_layout_row  el_before_av_one_half  grid-row-not-first  container_wrap sidebar_right'  >\n\n<style type=\"text\/css\" data-created_by=\"avia_inline_auto\" id=\"style-css-av-av_cell_one_third-3bc6a440aaeb978edebbc3cf30199bd4\">\n.flex_cell.av-av_cell_one_third-3bc6a440aaeb978edebbc3cf30199bd4{\nvertical-align:top;\nbackground-color:#edae44;\n}\n.responsive #top #wrap_all .flex_cell.av-av_cell_one_third-3bc6a440aaeb978edebbc3cf30199bd4{\npadding:10px 10px 10px 10px !important;\n}\n<\/style>\n<div class='flex_cell av-av_cell_one_third-3bc6a440aaeb978edebbc3cf30199bd4 av-gridrow-cell av_one_third no_margin  avia-builder-el-5  el_before_av_cell_one_third  avia-builder-el-first  content-align-top'  ><div class='flex_cell_inner'><\/div><\/div>\n<style type=\"text\/css\" data-created_by=\"avia_inline_auto\" id=\"style-css-av-av_cell_one_third-36c172e1b1d55749e57f35afd1deda6e\">\n.flex_cell.av-av_cell_one_third-36c172e1b1d55749e57f35afd1deda6e{\nvertical-align:top;\nbackground-color:#ed9704;\n}\n.responsive #top #wrap_all .flex_cell.av-av_cell_one_third-36c172e1b1d55749e57f35afd1deda6e{\npadding:10px 10px 10px 10px !important;\n}\n<\/style>\n<div class='flex_cell av-av_cell_one_third-36c172e1b1d55749e57f35afd1deda6e av-gridrow-cell av_one_third no_margin  avia-builder-el-6  el_after_av_cell_one_third  el_before_av_cell_one_third  content-align-top'  ><div class='flex_cell_inner'><\/div><\/div>\n<style type=\"text\/css\" data-created_by=\"avia_inline_auto\" id=\"style-css-av-av_cell_one_third-5b6eb1f942d083c1fc63a1494db97361\">\n.flex_cell.av-av_cell_one_third-5b6eb1f942d083c1fc63a1494db97361{\nvertical-align:top;\nbackground-color:#fcc923;\n}\n.responsive #top #wrap_all .flex_cell.av-av_cell_one_third-5b6eb1f942d083c1fc63a1494db97361{\npadding:10px 10px 10px 10px !important;\n}\n<\/style>\n<div class='flex_cell av-av_cell_one_third-5b6eb1f942d083c1fc63a1494db97361 av-gridrow-cell av_one_third no_margin  avia-builder-el-7  el_after_av_cell_one_third  avia-builder-el-last  content-align-top'  ><div class='flex_cell_inner'><\/div><\/div>\n<\/div><div id='after_grid_row_2'  class='main_color av_default_container_wrap container_wrap sidebar_right'  ><div class='container av-section-cont-open' ><div class='template-page content  av-content-small alpha units'><div class='post-entry post-entry-type-page post-entry-60'><div class='entry-content-wrapper clearfix'>\n\n<style type=\"text\/css\" data-created_by=\"avia_inline_auto\" id=\"style-css-av-av_one_half-15d750bd1b332b34c6e70b077ebbccdf\">\n.flex_column.av-av_one_half-15d750bd1b332b34c6e70b077ebbccdf{\nborder-radius:0px 0px 0px 0px;\npadding:0px 0px 0px 0px;\n}\n<\/style>\n<div  class='flex_column av-av_one_half-15d750bd1b332b34c6e70b077ebbccdf av_one_half  avia-builder-el-8  el_after_av_layout_row  el_before_av_one_half  avia-builder-el-first  first flex_column_div av-zero-column-padding  '     ><section  class='av_textblock_section av-av_textblock-2de302bf1aa3cf4c9157dbe6f50ac7eb '   itemscope=\"itemscope\" itemtype=\"https:\/\/schema.org\/CreativeWork\" ><div class='avia_textblock'  itemprop=\"text\" ><p><strong>Referenzen<\/strong><\/p>\n<p>Polizeihochschule Bo\u0308blingen<br \/>\nChemisches Untersuchungsamt Stuttgart Ingenieurbu\u0308ro Schuler GmbH<br \/>\nRTS Steuerberatung<br \/>\nBethesdaklinik Ulm<br \/>\nSRH Klinik Neresheim<br \/>\nSozialstation Aidlingen<br \/>\nHospitalhof Stuttgart<br \/>\nEvang. Fortbildung fu\u0308r Erzieherinnen Stuttgart, Balingen<br \/>\nKath. Erwachsenenbildung Ludwigsburg und Bo\u0308blingen<\/p>\n<\/div><\/section><\/div>\n\n<style type=\"text\/css\" data-created_by=\"avia_inline_auto\" id=\"style-css-av-av_one_half-c8fc129dc35fd1ae2a1e410224d39ea8\">\n.flex_column.av-av_one_half-c8fc129dc35fd1ae2a1e410224d39ea8{\nborder-radius:0px 0px 0px 0px;\npadding:0px 0px 0px 0px;\n}\n<\/style>\n<div  class='flex_column av-av_one_half-c8fc129dc35fd1ae2a1e410224d39ea8 av_one_half  avia-builder-el-10  el_after_av_one_half  avia-builder-el-last  flex_column_div av-zero-column-padding  '     ><section  class='av_textblock_section av-av_textblock-2de302bf1aa3cf4c9157dbe6f50ac7eb '   itemscope=\"itemscope\" itemtype=\"https:\/\/schema.org\/CreativeWork\" ><div class='avia_textblock'  itemprop=\"text\" ><p><strong>F\u00fcr gr\u00f6\u00dfere Veranstaltungen enge Kooperation mit<\/strong><\/p>\n<p>Waltraud Kie\u00df-Haag<\/p>\n<p><img loading=\"lazy\" decoding=\"async\" class=\"alignnone wp-image-156 size-square\" src=\"http:\/\/www.doris-schwab.de\/wp_schwab\/wp-content\/uploads\/2021\/07\/image-waltraud-1-2-180x180.jpg\" alt=\"\" width=\"180\" height=\"180\" srcset=\"https:\/\/www.doris-schwab.de\/wp_schwab\/wp-content\/uploads\/2021\/07\/image-waltraud-1-2-180x180.jpg 180w, https:\/\/www.doris-schwab.de\/wp_schwab\/wp-content\/uploads\/2021\/07\/image-waltraud-1-2-80x80.jpg 80w, https:\/\/www.doris-schwab.de\/wp_schwab\/wp-content\/uploads\/2021\/07\/image-waltraud-1-2-36x36.jpg 36w, https:\/\/www.doris-schwab.de\/wp_schwab\/wp-content\/uploads\/2021\/07\/image-waltraud-1-2-120x120.jpg 120w, https:\/\/www.doris-schwab.de\/wp_schwab\/wp-content\/uploads\/2021\/07\/image-waltraud-1-2-450x450.jpg 450w\" sizes=\"auto, (max-width: 180px) 100vw, 180px\" \/><\/p>\n<p><a href=\"https:\/\/entwicklung-mit-gfk.de\/\">https:\/\/entwicklung-mit-gfk.de\/<\/a><\/p>\n<\/div><\/section><\/div>\n","protected":false},"excerpt":{"rendered":"","protected":false},"author":1,"featured_media":0,"parent":0,"menu_order":0,"comment_status":"closed","ping_status":"closed","template":"","meta":{"footnotes":""},"class_list":["post-60","page","type-page","status-publish","hentry"],"_links":{"self":[{"href":"https:\/\/www.doris-schwab.de\/wp_schwab\/wp-json\/wp\/v2\/pages\/60","targetHints":{"allow":["GET"]}}],"collection":[{"href":"https:\/\/www.doris-schwab.de\/wp_schwab\/wp-json\/wp\/v2\/pages"}],"about":[{"href":"https:\/\/www.doris-schwab.de\/wp_schwab\/wp-json\/wp\/v2\/types\/page"}],"author":[{"embeddable":true,"href":"https:\/\/www.doris-schwab.de\/wp_schwab\/wp-json\/wp\/v2\/users\/1"}],"replies":[{"embeddable":true,"href":"https:\/\/www.doris-schwab.de\/wp_schwab\/wp-json\/wp\/v2\/comments?post=60"}],"version-history":[{"count":7,"href":"https:\/\/www.doris-schwab.de\/wp_schwab\/wp-json\/wp\/v2\/pages\/60\/revisions"}],"predecessor-version":[{"id":159,"href":"https:\/\/www.doris-schwab.de\/wp_schwab\/wp-json\/wp\/v2\/pages\/60\/revisions\/159"}],"wp:attachment":[{"href":"https:\/\/www.doris-schwab.de\/wp_schwab\/wp-json\/wp\/v2\/media?parent=60"}],"curies":[{"name":"wp","href":"https:\/\/api.w.org\/{rel}","templated":true}]}}