{"id":25,"date":"2017-10-02T09:08:59","date_gmt":"2017-10-02T07:08:59","guid":{"rendered":"http:\/\/www.doris-schwab.de\/wp_schwab\/?page_id=25"},"modified":"2026-04-05T18:49:30","modified_gmt":"2026-04-05T16:49:30","slug":"seminarangebot","status":"publish","type":"page","link":"https:\/\/www.doris-schwab.de\/wp_schwab\/seminarangebot\/","title":{"rendered":"Seminarangebot"},"content":{"rendered":"<div id='av-layout-grid-1'  class='av-layout-grid-container av-1p0mh-1c4118d934267af5651e0f1109e39c40 entry-content-wrapper main_color av-flex-cells  avia-builder-el-0  el_before_av_one_third  avia-builder-el-first   container_wrap sidebar_right'  >\n\n<style type=\"text\/css\" data-created_by=\"avia_inline_auto\" id=\"style-css-av-gkovt-f3e41830b2f07afeb81c0f7b3a007852\">\n.flex_cell.av-gkovt-f3e41830b2f07afeb81c0f7b3a007852{\nvertical-align:top;\nbackground-color:#edae44;\n}\n.responsive #top #wrap_all .flex_cell.av-gkovt-f3e41830b2f07afeb81c0f7b3a007852{\npadding:10px 10px 10px 10px !important;\n}\n<\/style>\n<div class='flex_cell av-gkovt-f3e41830b2f07afeb81c0f7b3a007852 av-gridrow-cell av_one_third no_margin  avia-builder-el-1  el_before_av_cell_one_third  avia-builder-el-first  content-align-top'  ><div class='flex_cell_inner'><\/div><\/div>\n<style type=\"text\/css\" data-created_by=\"avia_inline_auto\" id=\"style-css-av-1l6td-6f1e01d25c8bee21bfe290322ce05596\">\n.flex_cell.av-1l6td-6f1e01d25c8bee21bfe290322ce05596{\nvertical-align:top;\nbackground-color:#ed9704;\n}\n.responsive #top #wrap_all .flex_cell.av-1l6td-6f1e01d25c8bee21bfe290322ce05596{\npadding:10px 10px 10px 10px !important;\n}\n<\/style>\n<div class='flex_cell av-1l6td-6f1e01d25c8bee21bfe290322ce05596 av-gridrow-cell av_one_third no_margin  avia-builder-el-2  el_after_av_cell_one_third  el_before_av_cell_one_third  content-align-top'  ><div class='flex_cell_inner'><\/div><\/div>\n<style type=\"text\/css\" data-created_by=\"avia_inline_auto\" id=\"style-css-av-f0ii9-d8535d2d15e0781292e6821f854d209e\">\n.flex_cell.av-f0ii9-d8535d2d15e0781292e6821f854d209e{\nvertical-align:top;\nbackground-color:#fcc923;\n}\n.responsive #top #wrap_all .flex_cell.av-f0ii9-d8535d2d15e0781292e6821f854d209e{\npadding:10px 10px 10px 10px !important;\n}\n<\/style>\n<div class='flex_cell av-f0ii9-d8535d2d15e0781292e6821f854d209e av-gridrow-cell av_one_third no_margin  avia-builder-el-3  el_after_av_cell_one_third  avia-builder-el-last  content-align-top'  ><div class='flex_cell_inner'><\/div><\/div>\n<\/div><div id='after_grid_row_1'  class='main_color av_default_container_wrap container_wrap sidebar_right'  ><div class='container av-section-cont-open' ><div class='template-page content  av-content-small alpha units'><div class='post-entry post-entry-type-page post-entry-25'><div class='entry-content-wrapper clearfix'>\n\n<style type=\"text\/css\" data-created_by=\"avia_inline_auto\" id=\"style-css-av-99b65-09a3004e9114d0f8c022aac0e849c91f\">\n.flex_column.av-99b65-09a3004e9114d0f8c022aac0e849c91f{\nborder-radius:0px 0px 0px 0px;\npadding:0px 0px 0px 0px;\n}\n<\/style>\n<div  class='flex_column av-99b65-09a3004e9114d0f8c022aac0e849c91f av_one_third  avia-builder-el-4  el_after_av_layout_row  el_before_av_one_third  avia-builder-el-first  first flex_column_div av-zero-column-padding  '     ><section  class='av_textblock_section av-m7acrcmi-d217298ac1f13ae77cc634014dc01f43 '   itemscope=\"itemscope\" itemtype=\"https:\/\/schema.org\/CreativeWork\" ><div class='avia_textblock'  itemprop=\"text\" ><h2><span style=\"color: #000000;\">Seminaranfragen<\/span><\/h2>\n<p>Die meisten meiner Angebote finden Inhouse statt &#8211; individuell auf Ihr Team zugeschnitten. Bitte fragen Sie direkt an<\/p>\n<p>mail@doris-schwab.de oder 0711\/5406619<\/p>\n<p>Auch Online-Veranstaltungen sind m\u00f6glich<\/p>\n<\/div><\/section><br \/>\n<div  class='hr av-26ro1-0845b0ece37e841b7757fa610443213e hr-default  avia-builder-el-6  el_after_av_textblock  el_before_av_textblock '><span class='hr-inner '><span class=\"hr-inner-style\"><\/span><\/span><\/div><br \/>\n<section  class='av_textblock_section av-lki8x53q-fd1172f615e986ca49218901d8dcbdbe '   itemscope=\"itemscope\" itemtype=\"https:\/\/schema.org\/CreativeWork\" ><div class='avia_textblock'  itemprop=\"text\" ><h4><span style=\"color: #000000;\"><strong>Einf\u00fchrung Gewaltfreie Kommunikation<\/strong><\/span><\/h4>\n<p>im Hospitalhof Stuttgart<\/p>\n<p>19. Juni 2026 von 18-21Uhr und<br \/>\n20. Juni 2026 von 9-17 Uhr<\/p>\n<p><a href=\"https:\/\/www.hospitalhof.de\/programm\/190626-worte-sind-fenster-oder-mauern\/\">bitte hier direkt anmelden<\/a><\/p>\n<h3><\/h3>\n<\/div><\/section><br \/>\n<section  class='av_textblock_section av-mj8rcp2q-6923b9283f65a2279bf7a13a11c03aa8 '   itemscope=\"itemscope\" itemtype=\"https:\/\/schema.org\/CreativeWork\" ><div class='avia_textblock'  itemprop=\"text\" ><h3>Systemisches Konsensieren Einf\u00fchrungstag<\/h3>\n<p>auf Anfrage von Gruppen und Teams<\/p>\n<\/div><\/section><br \/>\n<div  class='hr av-1hiep-ff624a6bd927550b4e9f8299b3f5ca36 hr-default  avia-builder-el-9  el_after_av_textblock  avia-builder-el-last '><span class='hr-inner '><span class=\"hr-inner-style\"><\/span><\/span><\/div><\/p><\/div>\n<style type=\"text\/css\" data-created_by=\"avia_inline_auto\" id=\"style-css-av-ei1jd-f12a690ec2b73bfad8412d164143176d\">\n.flex_column.av-ei1jd-f12a690ec2b73bfad8412d164143176d{\nborder-radius:0px 0px 0px 0px;\npadding:0px 0px 0px 0px;\n}\n<\/style>\n<div  class='flex_column av-ei1jd-f12a690ec2b73bfad8412d164143176d av_one_third  avia-builder-el-10  el_after_av_one_third  el_before_av_one_third  flex_column_div av-zero-column-padding  '     ><section  class='av_textblock_section av-m8cvrqsr-1b747f84e9af1a42c9b9f9a7c295b7e5 '   itemscope=\"itemscope\" itemtype=\"https:\/\/schema.org\/CreativeWork\" ><div class='avia_textblock'  itemprop=\"text\" ><h5><span style=\"color: #000000;\">F\u00fcr Fortgeschrittene:<br \/>\n<\/span><span style=\"color: #808080;\">Gemeinsam mit Waltraud Kie\u00df-Haag biete ich zwei Aufbaumodul<\/span><span style=\"color: #808080;\">e an<\/span><\/h5>\n<div class=\"evcal_evdata_cell \">\n<div class=\"eventon_full_description\">\n<p class=\"eventon_desc_in\"><span style=\"color: #ff9900;\"><strong>GFK im Alltag leben<\/strong><\/span><\/p>\n<div class=\"eventon_desc_in\">\n<p><em>M\u00f6gliche Themen k\u00f6nnten sein:<\/em><\/p>\n<p>Wie gelingt es mir, GFK zu leben, wenn mein Gegen\u00fcber darauf gar keine Lust hat?<br \/>\nWie komme ich bei Familienkonstellationen in meinen inneren Frieden?<br \/>\nWas hilft mir beim \u00dcbersetzen und in der Verbindung bleiben, wenn ich mich aufrege?<br \/>\nGFK in meiner Leitungsrolle \u2013 Bitte versus Erwartung, Ansage<\/p>\n<p>Bitte reicht uns eure <span style=\"color: #000000;\"><strong>Themenw\u00fcnsche<\/strong><\/span> gerne bis zum 16. Januar bzw. 15.September ein.<\/p>\n<p>Danach stellen wir das Programm zusammen.<\/p>\n<p>Voraussetzung sind die Teilname an einem Jahres- und Aufbautraining (mind 16 Trainingstage) ggf nach R\u00fccksprache mit uns.<\/p>\n<p><em>Kosten<\/em><br \/>\n320-280\u20ac, Firmenpreis 350\u20ac. Das gibt uns Spielraum ggf. Erm\u00e4\u00dfigung zu gew\u00e4hren. Der Kurs ist als Teil einer Ausbildung von der MwSt. befreit.<\/p>\n<p>Veranstaltungsort: Haus am Brunnen, Sindelfingen<\/p>\n<section class=\"av_textblock_section \">\n<div class=\"avia_textblock av_inherit_color \">\n<p><strong>Termine:<\/strong><\/p>\n<p>27. und 28. Februar 2026\u00a0von 9:30 -17.30 Uhr<br \/>\n16. und 17. Oktober 2026 von 9:30 -17.30 Uhr<\/p>\n<h5 class=\"p1\"><b>Anmeldung:<br \/>\n<\/b>Per E-mail an: <a href=\"mailto:info@entwicklung-mit-gfk.de\">info@entwicklung-mit-gfk.de<\/a><br \/>\noder an: <a href=\"mailto:mail@doris-schwab.de\">mail@doris-schwab.de<\/a><\/h5>\n<\/div>\n<\/section>\n<\/div>\n<\/div>\n<\/div>\n<\/div><\/section><\/div><\/p>\n\n<style type=\"text\/css\" data-created_by=\"avia_inline_auto\" id=\"style-css-av-bic81-4ff6b61529713ef1e48d9de5b8944aac\">\n.flex_column.av-bic81-4ff6b61529713ef1e48d9de5b8944aac{\nborder-radius:0px 0px 0px 0px;\npadding:0px 0px 0px 0px;\n}\n<\/style>\n<div  class='flex_column av-bic81-4ff6b61529713ef1e48d9de5b8944aac av_one_third  avia-builder-el-12  el_after_av_one_third  el_before_av_layout_row  avia-builder-el-last  flex_column_div av-zero-column-padding  '     ><section  class='av_textblock_section av-m78s65vo-bc9a3844ec56907cc5f56c56e82e5eed '   itemscope=\"itemscope\" itemtype=\"https:\/\/schema.org\/CreativeWork\" ><div class='avia_textblock'  itemprop=\"text\" ><h3><span style=\"color: #000000;\">Grundausbildung Gewaltfreie Kommunikation<\/span><\/h3>\n<p>im Hospitalhof in Stuttgart<\/p>\n<p><strong>Termine:<\/strong><\/p>\n<p class=\"date\">Start: Do 05.02., 09:00 Uhr \u2013 Sa 27.06.26, 13:30 Uhr<br \/>\nHospitalhof Stuttgart, B\u00fcchsenstr. 33, 70174 Stuttgart<\/p>\n<p><span class=\"caps\">Termine:\u00a0<\/span>Do-Sa 05.02.-07.02. \/ 26.03.-28.03. \/ 23.04.-25.04. \/ 25.06.-27.06.26, jeweils Do und Fr 09:00-17:00 Uhr, Sa 09:00-13:30 Uhr. Zwischen den Modulen finden selbst\u00e4ndig organisierte Intervisionsgruppen statt.<\/p>\n<p>F\u00fcr Menschen, die ihr Verst\u00e4ndnis der Gewaltfreien Kommunikation (GFK) vertiefen, fl\u00fcssiger gewaltfrei kommunizieren, GFK noch besser in ihren Alltag, sei es privat oder beruflich, integrieren und echte Ver\u00e4nderungen in ihrem Leben erreichen m\u00f6chten oder den Weg zur Zertifizierung als Trainer:in einschlagen wollen.<br \/>\nDie einzelnen Bl\u00f6cke stehen jeweils unter einem Thema. Die theoretischen Grundlagen werden erarbeitet und dann an eigenen Beispielen umgesetzt. In der Zeit zwischen den Bl\u00f6cken kann das Erarbeitete im (Berufs-) Alltag erprobt und einge\u00fcbt werden.<\/p>\n<p><a href=\"https:\/\/www.hospitalhof.de\/programm\/050226-grund-ausbildung-gewaltfreie-kommunikation-nach-marshall-b-rosenberg\/\">hier direkt anmelden<\/a><\/p>\n<p class=\"paragraph_style_5\">\n<\/div><\/section><br \/>\n<div  class='avia-button-wrap av-a1wyd-57fe1a3f28a5073530de276679fd443d-wrap avia-button-left  avia-builder-el-14  el_after_av_textblock  avia-builder-el-last '>\n<style type=\"text\/css\" data-created_by=\"avia_inline_auto\" id=\"style-css-av-a1wyd-57fe1a3f28a5073530de276679fd443d\">\n#top #wrap_all .avia-button.av-a1wyd-57fe1a3f28a5073530de276679fd443d{\nbackground-color:#dddddd;\nborder-color:#dddddd;\ncolor:#ffffff;\ntransition:all 0.4s ease-in-out;\n}\n#top #wrap_all .avia-button.av-a1wyd-57fe1a3f28a5073530de276679fd443d .avia-svg-icon svg:first-child{\nfill:#ffffff;\nstroke:#ffffff;\n}\n<\/style>\n<a href='http:\/\/www.gfk-info.de\/gfk-seminare\/?tribe_paged=1&tribe_event_display=list&tribe_eventcategory=79&tribe_organizers=8021'  class='avia-button av-a1wyd-57fe1a3f28a5073530de276679fd443d av-link-btn avia-icon_select-yes-left-icon avia-size-small avia-position-left'  target=\"_blank\"  rel=\"noopener noreferrer\"  aria-label=\"zu den Ausbildungsterminen (D-A-CH-Portal)\"><span class='avia_button_icon avia_button_icon_left avia-iconfont avia-font-entypo-fontello' data-av_icon='\ue836' data-av_iconfont='entypo-fontello' ><\/span><span class='avia_iconbox_title' >zu den Ausbildungsterminen (D-A-CH-Portal)<\/span><\/a><\/div><\/p><\/div>\n<\/div><\/div><\/div><!-- close content main div --><\/div><\/div><div id='av-layout-grid-2'  class='av-layout-grid-container av-1ehd-74c6deff69f66cd8be373c48e83ad381 entry-content-wrapper main_color av-flex-cells  avia-builder-el-15  el_after_av_one_third  el_before_av_hr  grid-row-not-first  container_wrap sidebar_right'  >\n\n<style type=\"text\/css\" data-created_by=\"avia_inline_auto\" id=\"style-css-av-ci69-e588a8a193afa94c7d01a6c0321dacda\">\n.flex_cell.av-ci69-e588a8a193afa94c7d01a6c0321dacda{\nvertical-align:top;\nbackground-color:#edae44;\n}\n.responsive #top #wrap_all .flex_cell.av-ci69-e588a8a193afa94c7d01a6c0321dacda{\npadding:10px 10px 10px 10px !important;\n}\n<\/style>\n<div class='flex_cell av-ci69-e588a8a193afa94c7d01a6c0321dacda av-gridrow-cell av_one_third no_margin  avia-builder-el-16  el_before_av_cell_one_third  avia-builder-el-first  content-align-top'  ><div class='flex_cell_inner'><\/div><\/div>\n<style type=\"text\/css\" data-created_by=\"avia_inline_auto\" id=\"style-css-av-2n73p-dbeb5188e6fe50243ceddf0cba27efb0\">\n.flex_cell.av-2n73p-dbeb5188e6fe50243ceddf0cba27efb0{\nvertical-align:top;\nbackground-color:#ed9704;\n}\n.responsive #top #wrap_all .flex_cell.av-2n73p-dbeb5188e6fe50243ceddf0cba27efb0{\npadding:10px 10px 10px 10px !important;\n}\n<\/style>\n<div class='flex_cell av-2n73p-dbeb5188e6fe50243ceddf0cba27efb0 av-gridrow-cell av_one_third no_margin  avia-builder-el-17  el_after_av_cell_one_third  el_before_av_cell_one_third  content-align-top'  ><div class='flex_cell_inner'><\/div><\/div>\n<style type=\"text\/css\" data-created_by=\"avia_inline_auto\" id=\"style-css-av-23vkt-898b9c9085d22d754f62dd9f137ab890\">\n.flex_cell.av-23vkt-898b9c9085d22d754f62dd9f137ab890{\nvertical-align:top;\nbackground-color:#fcc923;\n}\n.responsive #top #wrap_all .flex_cell.av-23vkt-898b9c9085d22d754f62dd9f137ab890{\npadding:10px 10px 10px 10px !important;\n}\n<\/style>\n<div class='flex_cell av-23vkt-898b9c9085d22d754f62dd9f137ab890 av-gridrow-cell av_one_third no_margin  avia-builder-el-18  el_after_av_cell_one_third  avia-builder-el-last  content-align-top'  ><div class='flex_cell_inner'><\/div><\/div>\n<\/div><div id='after_grid_row_2'  class='main_color av_default_container_wrap container_wrap sidebar_right'  ><div class='container av-section-cont-open' ><div class='template-page content  av-content-small alpha units'><div class='post-entry post-entry-type-page post-entry-25'><div class='entry-content-wrapper clearfix'>\n<div  class='hr av-xq29-47b9fc268eca49da2ded06e694c4922e hr-default  avia-builder-el-19  el_after_av_layout_row  avia-builder-el-no-sibling '><span class='hr-inner '><span class=\"hr-inner-style\"><\/span><\/span><\/div>\n","protected":false},"excerpt":{"rendered":"","protected":false},"author":1,"featured_media":0,"parent":0,"menu_order":0,"comment_status":"closed","ping_status":"closed","template":"","meta":{"footnotes":""},"class_list":["post-25","page","type-page","status-publish","hentry"],"_links":{"self":[{"href":"https:\/\/www.doris-schwab.de\/wp_schwab\/wp-json\/wp\/v2\/pages\/25","targetHints":{"allow":["GET"]}}],"collection":[{"href":"https:\/\/www.doris-schwab.de\/wp_schwab\/wp-json\/wp\/v2\/pages"}],"about":[{"href":"https:\/\/www.doris-schwab.de\/wp_schwab\/wp-json\/wp\/v2\/types\/page"}],"author":[{"embeddable":true,"href":"https:\/\/www.doris-schwab.de\/wp_schwab\/wp-json\/wp\/v2\/users\/1"}],"replies":[{"embeddable":true,"href":"https:\/\/www.doris-schwab.de\/wp_schwab\/wp-json\/wp\/v2\/comments?post=25"}],"version-history":[{"count":133,"href":"https:\/\/www.doris-schwab.de\/wp_schwab\/wp-json\/wp\/v2\/pages\/25\/revisions"}],"predecessor-version":[{"id":336,"href":"https:\/\/www.doris-schwab.de\/wp_schwab\/wp-json\/wp\/v2\/pages\/25\/revisions\/336"}],"wp:attachment":[{"href":"https:\/\/www.doris-schwab.de\/wp_schwab\/wp-json\/wp\/v2\/media?parent=25"}],"curies":[{"name":"wp","href":"https:\/\/api.w.org\/{rel}","templated":true}]}}