{"id":2,"date":"2017-10-01T17:04:30","date_gmt":"2017-10-01T15:04:30","guid":{"rendered":"http:\/\/www.doris-schwab.de\/wp_schwab\/?page_id=2"},"modified":"2025-06-17T16:08:17","modified_gmt":"2025-06-17T14:08:17","slug":"beispiel-seite","status":"publish","type":"page","link":"https:\/\/www.doris-schwab.de\/wp_schwab\/","title":{"rendered":"Startseite"},"content":{"rendered":"<div id='av-layout-grid-1'  class='av-layout-grid-container av-3sro-08920610019d8afcd4a06730f5c76709 entry-content-wrapper main_color av-flex-cells  avia-builder-el-0  el_before_av_one_third  avia-builder-el-first   container_wrap sidebar_right'  >\n\n<style type=\"text\/css\" data-created_by=\"avia_inline_auto\" id=\"style-css-av-yux0-842c33b39daf2a5ed154d523615dbbce\">\n.flex_cell.av-yux0-842c33b39daf2a5ed154d523615dbbce{\nvertical-align:top;\nbackground-color:#edae44;\n}\n.responsive #top #wrap_all .flex_cell.av-yux0-842c33b39daf2a5ed154d523615dbbce{\npadding:10px 10px 10px 10px !important;\n}\n<\/style>\n<div class='flex_cell av-yux0-842c33b39daf2a5ed154d523615dbbce av-gridrow-cell av_one_third no_margin  avia-builder-el-1  el_before_av_cell_one_third  avia-builder-el-first  content-align-top'  ><div class='flex_cell_inner'><\/div><\/div>\n<style type=\"text\/css\" data-created_by=\"avia_inline_auto\" id=\"style-css-av-xzhm-9c8eb56a3f23e5d1e48841acc75f0311\">\n.flex_cell.av-xzhm-9c8eb56a3f23e5d1e48841acc75f0311{\nvertical-align:top;\nbackground-color:#ed9704;\n}\n.responsive #top #wrap_all .flex_cell.av-xzhm-9c8eb56a3f23e5d1e48841acc75f0311{\npadding:10px 10px 10px 10px !important;\n}\n<\/style>\n<div class='flex_cell av-xzhm-9c8eb56a3f23e5d1e48841acc75f0311 av-gridrow-cell av_one_third no_margin  avia-builder-el-2  el_after_av_cell_one_third  el_before_av_cell_one_third  content-align-top'  ><div class='flex_cell_inner'><\/div><\/div>\n<style type=\"text\/css\" data-created_by=\"avia_inline_auto\" id=\"style-css-av-vhq8-d0f678e1e721ddb2e61979bbdb415da8\">\n.flex_cell.av-vhq8-d0f678e1e721ddb2e61979bbdb415da8{\nvertical-align:top;\nbackground-color:#fcc923;\n}\n.responsive #top #wrap_all .flex_cell.av-vhq8-d0f678e1e721ddb2e61979bbdb415da8{\npadding:10px 10px 10px 10px !important;\n}\n<\/style>\n<div class='flex_cell av-vhq8-d0f678e1e721ddb2e61979bbdb415da8 av-gridrow-cell av_one_third no_margin  avia-builder-el-3  el_after_av_cell_one_third  avia-builder-el-last  content-align-top'  ><div class='flex_cell_inner'><\/div><\/div>\n<\/div><div id='after_grid_row_1'  class='main_color av_default_container_wrap container_wrap sidebar_right'  ><div class='container av-section-cont-open' ><div class='template-page content  av-content-small alpha units'><div class='post-entry post-entry-type-page post-entry-2'><div class='entry-content-wrapper clearfix'>\n\n<style type=\"text\/css\" data-created_by=\"avia_inline_auto\" id=\"style-css-av-slee-8b199dfdb0e8229540dc4acdaf97c163\">\n.flex_column.av-slee-8b199dfdb0e8229540dc4acdaf97c163{\nborder-radius:0px 0px 0px 0px;\npadding:0px 0px 0px 0px;\n}\n<\/style>\n<div  class='flex_column av-slee-8b199dfdb0e8229540dc4acdaf97c163 av_one_third  avia-builder-el-4  el_after_av_layout_row  el_before_av_one_third  avia-builder-el-first  first flex_column_div av-zero-column-padding  '     ><p>\n<style type=\"text\/css\" data-created_by=\"avia_inline_auto\" id=\"style-css-av-r6po-42b3d0ea586e0541c214ef9a7bde4f4e\">\n#top .av-special-heading.av-r6po-42b3d0ea586e0541c214ef9a7bde4f4e{\npadding-bottom:10px;\n}\nbody .av-special-heading.av-r6po-42b3d0ea586e0541c214ef9a7bde4f4e .av-special-heading-tag .heading-char{\nfont-size:25px;\n}\n.av-special-heading.av-r6po-42b3d0ea586e0541c214ef9a7bde4f4e .av-subheading{\nfont-size:15px;\n}\n<\/style>\n<div  class='av-special-heading av-r6po-42b3d0ea586e0541c214ef9a7bde4f4e av-special-heading-h3  avia-builder-el-5  el_before_av_textblock  avia-builder-el-first '><h3 class='av-special-heading-tag '  itemprop=\"headline\"  >Gewaltfreie Kommunikation<\/h3><div class=\"special-heading-border\"><div class=\"special-heading-inner-border\"><\/div><\/div><\/div><br \/>\n<section  class='av_textblock_section av-mc0f1fts-472e4c00aa6d9bb0ed40abd69a618545 '   itemscope=\"itemscope\" itemtype=\"https:\/\/schema.org\/CreativeWork\" ><div class='avia_textblock'  itemprop=\"text\" ><p><span style=\"color: #ff9900;\">Ich bin Teil des Online Kongresses:<\/span><br \/>\n<span style=\"color: #ff9900;\"> <strong> &#8222;Von Mens zu Mensch. Begegnung und Frieden leben mit Gewaltfreier Kommunikation&#8220;<\/strong><\/span><br \/>\n<span style=\"color: #ff9900;\"> 33 SprecherInnen mit 33 inspirierenden Interviews<\/span><br \/>\n<span style=\"color: #ff9900;\"> 28.6.-7.7.25; das Interview mit mit findet am 4.7.25 statt.<\/span><br \/>\n<span style=\"color: #ff9900;\"> <strong> Kostenfreie Anmeldung: <\/strong><a style=\"color: #ff9900;\" href=\"https:\/\/vonmenschzumensch-kongress.org\/\">menschzumensch-kongress.org<\/a><br \/>\n<a style=\"color: #ff9900;\" href=\"https:\/\/vonmenschzumensch-kongress.org\/#aff=dorisschwab\"><strong>Kongresspaket kaufen<\/strong><\/a><\/span><br \/>\n<span style=\"color: #ff6600;\"><img loading=\"lazy\" decoding=\"async\" class=\"alignnone size-medium wp-image-310\" src=\"http:\/\/www.doris-schwab.de\/wp_schwab\/wp-content\/uploads\/2025\/06\/Doris-Schwab-Kongressbanner-alle-Sprecher-Von-Mensch-zu-Mensch-Kongress-300x169.jpg\" alt=\"\" width=\"300\" height=\"169\" srcset=\"https:\/\/www.doris-schwab.de\/wp_schwab\/wp-content\/uploads\/2025\/06\/Doris-Schwab-Kongressbanner-alle-Sprecher-Von-Mensch-zu-Mensch-Kongress-300x169.jpg 300w, https:\/\/www.doris-schwab.de\/wp_schwab\/wp-content\/uploads\/2025\/06\/Doris-Schwab-Kongressbanner-alle-Sprecher-Von-Mensch-zu-Mensch-Kongress-1030x579.jpg 1030w, https:\/\/www.doris-schwab.de\/wp_schwab\/wp-content\/uploads\/2025\/06\/Doris-Schwab-Kongressbanner-alle-Sprecher-Von-Mensch-zu-Mensch-Kongress-768x432.jpg 768w, https:\/\/www.doris-schwab.de\/wp_schwab\/wp-content\/uploads\/2025\/06\/Doris-Schwab-Kongressbanner-alle-Sprecher-Von-Mensch-zu-Mensch-Kongress-1536x864.jpg 1536w, https:\/\/www.doris-schwab.de\/wp_schwab\/wp-content\/uploads\/2025\/06\/Doris-Schwab-Kongressbanner-alle-Sprecher-Von-Mensch-zu-Mensch-Kongress-1500x844.jpg 1500w, https:\/\/www.doris-schwab.de\/wp_schwab\/wp-content\/uploads\/2025\/06\/Doris-Schwab-Kongressbanner-alle-Sprecher-Von-Mensch-zu-Mensch-Kongress-705x397.jpg 705w, https:\/\/www.doris-schwab.de\/wp_schwab\/wp-content\/uploads\/2025\/06\/Doris-Schwab-Kongressbanner-alle-Sprecher-Von-Mensch-zu-Mensch-Kongress.jpg 1920w\" sizes=\"auto, (max-width: 300px) 100vw, 300px\" \/><\/span><\/p>\n<\/div><\/section><br \/>\n<section  class='av_textblock_section av-pkbg-70912303f6c0017a5a840af47cd737eb '   itemscope=\"itemscope\" itemtype=\"https:\/\/schema.org\/CreativeWork\" ><div class='avia_textblock'  itemprop=\"text\" ><p class=\"paragraph_style_1\">Sie wissen nicht, wie Sie Kritik so \u00e4u\u00dfern k\u00f6nnen, dass der andere nicht verletzt ist?<\/p>\n<p class=\"paragraph_style_1\">Und Sie fragen sich, wie Sie mit Kritik so umgehen k\u00f6nnen, dass Ihre Meinung gleicherma\u00dfen geh\u00f6rt und geachtet wird?<\/p>\n<p class=\"paragraph_style_1\">Wenn Sie eine M\u00f6glichkeit suchen, auch im Konfliktgespr\u00e4ch mit den anderen in Verbindung zu bleiben, nicht in den allt\u00e4glichen Schlagabtausch zu geraten, sind Sie bei einem Infoabend oder einem Einf\u00fchrungsseminar genau richtig.<\/p>\n<\/div><\/section><\/p><\/div>\n<style type=\"text\/css\" data-created_by=\"avia_inline_auto\" id=\"style-css-av-mp5a-866cafdc7aa60fd5ef793cce741eead7\">\n.flex_column.av-mp5a-866cafdc7aa60fd5ef793cce741eead7{\nborder-radius:0px 0px 0px 0px;\npadding:0px 0px 0px 0px;\n}\n<\/style>\n<div  class='flex_column av-mp5a-866cafdc7aa60fd5ef793cce741eead7 av_one_third  avia-builder-el-8  el_after_av_one_third  el_before_av_one_third  flex_column_div av-zero-column-padding  '     ><p>\n<style type=\"text\/css\" data-created_by=\"avia_inline_auto\" id=\"style-css-av-kvew-a5de70ced918fb5b3e6472aa6bcc3ca8\">\n#top .av-special-heading.av-kvew-a5de70ced918fb5b3e6472aa6bcc3ca8{\npadding-bottom:10px;\n}\nbody .av-special-heading.av-kvew-a5de70ced918fb5b3e6472aa6bcc3ca8 .av-special-heading-tag .heading-char{\nfont-size:25px;\n}\n.av-special-heading.av-kvew-a5de70ced918fb5b3e6472aa6bcc3ca8 .av-subheading{\nfont-size:15px;\n}\n<\/style>\n<div  class='av-special-heading av-kvew-a5de70ced918fb5b3e6472aa6bcc3ca8 av-special-heading-h3  avia-builder-el-9  el_before_av_textblock  avia-builder-el-first '><h3 class='av-special-heading-tag '  itemprop=\"headline\"  >Beratung &#8211; auf Wunsch auch online<\/h3><div class=\"special-heading-border\"><div class=\"special-heading-inner-border\"><\/div><\/div><\/div><br \/>\n<section  class='av_textblock_section av-iifg-7deef7d652e89fec3f0326ef8e02bb58 '   itemscope=\"itemscope\" itemtype=\"https:\/\/schema.org\/CreativeWork\" ><div class='avia_textblock'  itemprop=\"text\" ><p class=\"paragraph_style_1\">Bei pers\u00f6nlichen Lebenskrisen oder Problemen in Ehe und Familie ist es hilfreich, fr\u00fchzeitig Beratung durch eine neutrale Person in Anspruch zu nehmen. Ich kann Ihnen helfen, Ihre Situation klarer zu sehen und mit Ihnen Ihre Bed\u00fcrfnisse erkunden. So werden Sie selbst in die Lage versetzt, die f\u00fcr sie optimalste L\u00f6sung zu finden.<\/p>\n<p class=\"paragraph_style_1\">Auch f\u00fcr Teams biete ich kl\u00e4rende Gespr\u00e4che auf der Grundlage der Gewaltfreien Kommunikation nach M. Rosenberg an. Der Vorteil ist, dass alle das bekommen, was sie brauchen und niemand Abstriche machen muss!<\/p>\n<\/div><\/section><\/p><\/div><\/p>\n\n<style type=\"text\/css\" data-created_by=\"avia_inline_auto\" id=\"style-css-av-g6hs-ec2af2062567494b7f78e06d92ec85c3\">\n.flex_column.av-g6hs-ec2af2062567494b7f78e06d92ec85c3{\nborder-radius:0px 0px 0px 0px;\npadding:0px 0px 0px 0px;\n}\n<\/style>\n<div  class='flex_column av-g6hs-ec2af2062567494b7f78e06d92ec85c3 av_one_third  avia-builder-el-11  el_after_av_one_third  el_before_av_layout_row  avia-builder-el-last  flex_column_div av-zero-column-padding  '     ><p>\n<style type=\"text\/css\" data-created_by=\"avia_inline_auto\" id=\"style-css-av-e1hu-07e4407d11eb16185d8cea6aee3921f3\">\n#top .av-special-heading.av-e1hu-07e4407d11eb16185d8cea6aee3921f3{\npadding-bottom:10px;\n}\nbody .av-special-heading.av-e1hu-07e4407d11eb16185d8cea6aee3921f3 .av-special-heading-tag .heading-char{\nfont-size:25px;\n}\n.av-special-heading.av-e1hu-07e4407d11eb16185d8cea6aee3921f3 .av-subheading{\nfont-size:15px;\n}\n<\/style>\n<div  class='av-special-heading av-e1hu-07e4407d11eb16185d8cea6aee3921f3 av-special-heading-h3  avia-builder-el-12  el_before_av_textblock  avia-builder-el-first '><h3 class='av-special-heading-tag '  itemprop=\"headline\"  >Systemisches Konsensieren \u2013 das SK-Prinzip<\/h3><div class=\"special-heading-border\"><div class=\"special-heading-inner-border\"><\/div><\/div><\/div><br \/>\n<section  class='av_textblock_section av-bykc-d1fe482a676b73abf87ae2379802fd36 '   itemscope=\"itemscope\" itemtype=\"https:\/\/schema.org\/CreativeWork\" ><div class='avia_textblock'  itemprop=\"text\" ><p><span class=\"style_2\">Systemisches Konsensieren kann:<br \/>\n<\/span><\/p>\n<ul>\n<li><span class=\"style_3\">Entscheidungskonflikte in Teams oder Gruppen nahezu selbstt\u00e4tig aufl\u00f6sen<br \/>\n<\/span><\/li>\n<li><span class=\"style_3\">die Entstehung von neuen Konflikten vermeiden<br \/>\n<\/span><\/li>\n<li><span class=\"style_3\">f\u00fcr\u00a0 Kooperative Entscheidungsfindungen mit dem gr\u00f6\u00dftm\u00f6glichen Konsens\u00a0<\/span><span class=\"style_3\">sorgen, damit es nur noch Sieger und keine Verlierer mehr gibt<br \/>\n<\/span><\/li>\n<li><span class=\"style_3\"> eine\u00a0 kreative L\u00f6sungsfindung f\u00f6rdern<br \/>\n<\/span><\/li>\n<li><span class=\"style_3\"> Reibungsverluste abbauen und Synergien erh\u00f6hen<\/span><\/li>\n<\/ul>\n<p><a href=\"https:\/\/www.hospitalhof.de\/programm\/201020-tragfaehige-entscheidungsfindung-in-gruppen-und-teams\/\">n\u00e4chster Einf\u00fchrungstag<\/a><\/p>\n<\/div><\/section><\/p><\/div>\n<\/div><\/div><\/div><!-- close content main div --><\/div><\/div><div id='av-layout-grid-2'  class='av-layout-grid-container av-aejy-afe0cba7441a8cb8a817c36ad798ff6c entry-content-wrapper main_color av-flex-cells  avia-builder-el-14  el_after_av_one_third  avia-builder-el-last  grid-row-not-first  container_wrap sidebar_right'  >\n\n<style type=\"text\/css\" data-created_by=\"avia_inline_auto\" id=\"style-css-av-sc2-7976557f02ce5d19ec4e990edfb4c01a\">\n.flex_cell.av-sc2-7976557f02ce5d19ec4e990edfb4c01a{\nvertical-align:top;\nbackground-color:#edae44;\n}\n.responsive #top #wrap_all .flex_cell.av-sc2-7976557f02ce5d19ec4e990edfb4c01a{\npadding:10px 10px 10px 10px !important;\n}\n<\/style>\n<div class='flex_cell av-sc2-7976557f02ce5d19ec4e990edfb4c01a av-gridrow-cell av_one_third no_margin  avia-builder-el-15  el_before_av_cell_one_third  avia-builder-el-first  content-align-top'  ><div class='flex_cell_inner'><\/div><\/div>\n<style type=\"text\/css\" data-created_by=\"avia_inline_auto\" id=\"style-css-av-6a2y-08c13bc9b30e8c1fe45d885c9e759f35\">\n.flex_cell.av-6a2y-08c13bc9b30e8c1fe45d885c9e759f35{\nvertical-align:top;\nbackground-color:#ed9704;\n}\n.responsive #top #wrap_all .flex_cell.av-6a2y-08c13bc9b30e8c1fe45d885c9e759f35{\npadding:10px 10px 10px 10px !important;\n}\n<\/style>\n<div class='flex_cell av-6a2y-08c13bc9b30e8c1fe45d885c9e759f35 av-gridrow-cell av_one_third no_margin  avia-builder-el-16  el_after_av_cell_one_third  el_before_av_cell_one_third  content-align-top'  ><div class='flex_cell_inner'><\/div><\/div>\n<style type=\"text\/css\" data-created_by=\"avia_inline_auto\" id=\"style-css-av-2n98-d93b80fcdda434161b701f931008c8ce\">\n.flex_cell.av-2n98-d93b80fcdda434161b701f931008c8ce{\nvertical-align:top;\nbackground-color:#fcc923;\n}\n.responsive #top #wrap_all .flex_cell.av-2n98-d93b80fcdda434161b701f931008c8ce{\npadding:10px 10px 10px 10px !important;\n}\n<\/style>\n<div class='flex_cell av-2n98-d93b80fcdda434161b701f931008c8ce av-gridrow-cell av_one_third no_margin  avia-builder-el-17  el_after_av_cell_one_third  avia-builder-el-last  content-align-top'  ><div class='flex_cell_inner'><\/div><\/div>\n<\/div>\n","protected":false},"excerpt":{"rendered":"","protected":false},"author":1,"featured_media":310,"parent":0,"menu_order":0,"comment_status":"closed","ping_status":"open","template":"","meta":{"footnotes":""},"class_list":["post-2","page","type-page","status-publish","has-post-thumbnail","hentry"],"_links":{"self":[{"href":"https:\/\/www.doris-schwab.de\/wp_schwab\/wp-json\/wp\/v2\/pages\/2","targetHints":{"allow":["GET"]}}],"collection":[{"href":"https:\/\/www.doris-schwab.de\/wp_schwab\/wp-json\/wp\/v2\/pages"}],"about":[{"href":"https:\/\/www.doris-schwab.de\/wp_schwab\/wp-json\/wp\/v2\/types\/page"}],"author":[{"embeddable":true,"href":"https:\/\/www.doris-schwab.de\/wp_schwab\/wp-json\/wp\/v2\/users\/1"}],"replies":[{"embeddable":true,"href":"https:\/\/www.doris-schwab.de\/wp_schwab\/wp-json\/wp\/v2\/comments?post=2"}],"version-history":[{"count":21,"href":"https:\/\/www.doris-schwab.de\/wp_schwab\/wp-json\/wp\/v2\/pages\/2\/revisions"}],"predecessor-version":[{"id":316,"href":"https:\/\/www.doris-schwab.de\/wp_schwab\/wp-json\/wp\/v2\/pages\/2\/revisions\/316"}],"wp:featuredmedia":[{"embeddable":true,"href":"https:\/\/www.doris-schwab.de\/wp_schwab\/wp-json\/wp\/v2\/media\/310"}],"wp:attachment":[{"href":"https:\/\/www.doris-schwab.de\/wp_schwab\/wp-json\/wp\/v2\/media?parent=2"}],"curies":[{"name":"wp","href":"https:\/\/api.w.org\/{rel}","templated":true}]}}